{"id":10316,"date":"2025-03-25T13:56:36","date_gmt":"2025-03-25T19:56:36","guid":{"rendered":"https:\/\/creasoluciones.com.mx\/?page_id=10316"},"modified":"2025-05-14T14:26:10","modified_gmt":"2025-05-14T20:26:10","slug":"crea-360","status":"publish","type":"page","link":"https:\/\/creasoluciones.com.mx\/blog\/crea-360\/","title":{"rendered":"CREA 360"},"content":{"rendered":"\t\t<div data-elementor-type=\"wp-page\" data-elementor-id=\"10316\" class=\"elementor elementor-10316\" data-elementor-settings=\"{&quot;element_pack_global_tooltip_width&quot;:{&quot;unit&quot;:&quot;px&quot;,&quot;size&quot;:&quot;&quot;,&quot;sizes&quot;:[]},&quot;element_pack_global_tooltip_width_tablet&quot;:{&quot;unit&quot;:&quot;px&quot;,&quot;size&quot;:&quot;&quot;,&quot;sizes&quot;:[]},&quot;element_pack_global_tooltip_width_mobile&quot;:{&quot;unit&quot;:&quot;px&quot;,&quot;size&quot;:&quot;&quot;,&quot;sizes&quot;:[]},&quot;element_pack_global_tooltip_padding&quot;:{&quot;unit&quot;:&quot;px&quot;,&quot;top&quot;:&quot;&quot;,&quot;right&quot;:&quot;&quot;,&quot;bottom&quot;:&quot;&quot;,&quot;left&quot;:&quot;&quot;,&quot;isLinked&quot;:true},&quot;element_pack_global_tooltip_padding_tablet&quot;:{&quot;unit&quot;:&quot;px&quot;,&quot;top&quot;:&quot;&quot;,&quot;right&quot;:&quot;&quot;,&quot;bottom&quot;:&quot;&quot;,&quot;left&quot;:&quot;&quot;,&quot;isLinked&quot;:true},&quot;element_pack_global_tooltip_padding_mobile&quot;:{&quot;unit&quot;:&quot;px&quot;,&quot;top&quot;:&quot;&quot;,&quot;right&quot;:&quot;&quot;,&quot;bottom&quot;:&quot;&quot;,&quot;left&quot;:&quot;&quot;,&quot;isLinked&quot;:true},&quot;element_pack_global_tooltip_border_radius&quot;:{&quot;unit&quot;:&quot;px&quot;,&quot;top&quot;:&quot;&quot;,&quot;right&quot;:&quot;&quot;,&quot;bottom&quot;:&quot;&quot;,&quot;left&quot;:&quot;&quot;,&quot;isLinked&quot;:true},&quot;element_pack_global_tooltip_border_radius_tablet&quot;:{&quot;unit&quot;:&quot;px&quot;,&quot;top&quot;:&quot;&quot;,&quot;right&quot;:&quot;&quot;,&quot;bottom&quot;:&quot;&quot;,&quot;left&quot;:&quot;&quot;,&quot;isLinked&quot;:true},&quot;element_pack_global_tooltip_border_radius_mobile&quot;:{&quot;unit&quot;:&quot;px&quot;,&quot;top&quot;:&quot;&quot;,&quot;right&quot;:&quot;&quot;,&quot;bottom&quot;:&quot;&quot;,&quot;left&quot;:&quot;&quot;,&quot;isLinked&quot;:true}}\" data-elementor-post-type=\"page\">\n\t\t\t\t<div class=\"elementor-element elementor-element-48d0551 e-con-full e-flex e-con e-parent\" data-id=\"48d0551\" data-element_type=\"container\" data-e-type=\"container\" data-settings=\"{&quot;background_background&quot;:&quot;classic&quot;}\">\n\t\t\t\t<div class=\"elementor-element elementor-element-0c9d231 elementor-invisible elementor-widget elementor-widget-heading\" data-id=\"0c9d231\" data-element_type=\"widget\" data-e-type=\"widget\" data-settings=\"{&quot;_animation&quot;:&quot;fadeInLeft&quot;,&quot;motion_fx_motion_fx_scrolling&quot;:&quot;yes&quot;,&quot;motion_fx_translateY_effect&quot;:&quot;yes&quot;,&quot;motion_fx_translateY_direction&quot;:&quot;negative&quot;,&quot;motion_fx_translateY_speed&quot;:{&quot;unit&quot;:&quot;px&quot;,&quot;size&quot;:4,&quot;sizes&quot;:[]},&quot;motion_fx_translateY_affectedRange&quot;:{&quot;unit&quot;:&quot;%&quot;,&quot;size&quot;:&quot;&quot;,&quot;sizes&quot;:{&quot;start&quot;:0,&quot;end&quot;:100}},&quot;motion_fx_devices&quot;:[&quot;desktop&quot;,&quot;tablet&quot;,&quot;mobile&quot;]}\" data-widget_type=\"heading.default\">\n\t\t\t\t<div class=\"elementor-widget-container\">\n\t\t\t\t\t<h1 class=\"elementor-heading-title elementor-size-default\">CREA 360\u00b0<\/h1>\t\t\t\t<\/div>\n\t\t\t\t<\/div>\n\t\t\t\t<\/div>\n\t\t<div class=\"elementor-element elementor-element-469e2c3 e-flex e-con-boxed e-con e-parent\" data-id=\"469e2c3\" data-element_type=\"container\" data-e-type=\"container\">\n\t\t\t\t\t<div class=\"e-con-inner\">\n\t\t\t\t<div class=\"elementor-element elementor-element-3c81134 elementor-widget elementor-widget-spacer\" data-id=\"3c81134\" data-element_type=\"widget\" data-e-type=\"widget\" data-widget_type=\"spacer.default\">\n\t\t\t\t<div class=\"elementor-widget-container\">\n\t\t\t\t\t\t\t<div class=\"elementor-spacer\">\n\t\t\t<div class=\"elementor-spacer-inner\"><\/div>\n\t\t<\/div>\n\t\t\t\t\t\t<\/div>\n\t\t\t\t<\/div>\n\t\t\t\t<div class=\"elementor-element elementor-element-655a252 custom-title elementor-invisible elementor-widget elementor-widget-heading\" data-id=\"655a252\" data-element_type=\"widget\" data-e-type=\"widget\" data-settings=\"{&quot;_animation&quot;:&quot;fadeInLeft&quot;,&quot;_animation_delay&quot;:800}\" data-widget_type=\"heading.default\">\n\t\t\t\t<div class=\"elementor-widget-container\">\n\t\t\t\t\t<h2 class=\"elementor-heading-title elementor-size-default\">Evaluaci\u00f3n Integral de Factibilidad de Inversiones<\/h2>\t\t\t\t<\/div>\n\t\t\t\t<\/div>\n\t\t\t\t<div class=\"elementor-element elementor-element-70f757a elementor-widget elementor-widget-spacer\" data-id=\"70f757a\" data-element_type=\"widget\" data-e-type=\"widget\" data-widget_type=\"spacer.default\">\n\t\t\t\t<div class=\"elementor-widget-container\">\n\t\t\t\t\t\t\t<div class=\"elementor-spacer\">\n\t\t\t<div class=\"elementor-spacer-inner\"><\/div>\n\t\t<\/div>\n\t\t\t\t\t\t<\/div>\n\t\t\t\t<\/div>\n\t\t\t\t<div class=\"elementor-element elementor-element-2cf82fc elementor-widget-divider--view-line elementor-invisible elementor-widget elementor-widget-divider\" data-id=\"2cf82fc\" data-element_type=\"widget\" data-e-type=\"widget\" data-settings=\"{&quot;_animation&quot;:&quot;fadeInUp&quot;,&quot;_animation_delay&quot;:800}\" data-widget_type=\"divider.default\">\n\t\t\t\t<div class=\"elementor-widget-container\">\n\t\t\t\t\t\t\t<div class=\"elementor-divider\">\n\t\t\t<span class=\"elementor-divider-separator\">\n\t\t\t\t\t\t<\/span>\n\t\t<\/div>\n\t\t\t\t\t\t<\/div>\n\t\t\t\t<\/div>\n\t\t\t\t\t<\/div>\n\t\t\t\t<\/div>\n\t\t<div class=\"elementor-element elementor-element-2a5376b e-flex e-con-boxed e-con e-parent\" data-id=\"2a5376b\" data-element_type=\"container\" data-e-type=\"container\">\n\t\t\t\t\t<div class=\"e-con-inner\">\n\t\t<div class=\"elementor-element elementor-element-ca3d989 e-con-full e-flex elementor-invisible e-con e-child\" data-id=\"ca3d989\" data-element_type=\"container\" data-e-type=\"container\" data-settings=\"{&quot;background_background&quot;:&quot;classic&quot;,&quot;animation&quot;:&quot;fadeInLeft&quot;,&quot;animation_delay&quot;:600}\">\n\t\t\t\t<div class=\"elementor-element elementor-element-28d57af elementor-widget elementor-widget-heading\" data-id=\"28d57af\" data-element_type=\"widget\" data-e-type=\"widget\" data-widget_type=\"heading.default\">\n\t\t\t\t<div class=\"elementor-widget-container\">\n\t\t\t\t\t<h2 class=\"elementor-heading-title elementor-size-default\">CREA 360\u00b0<\/h2>\t\t\t\t<\/div>\n\t\t\t\t<\/div>\n\t\t\t\t<div class=\"elementor-element elementor-element-192cf1e elementor-widget elementor-widget-text-editor\" data-id=\"192cf1e\" data-element_type=\"widget\" data-e-type=\"widget\" data-widget_type=\"text-editor.default\">\n\t\t\t\t<div class=\"elementor-widget-container\">\n\t\t\t\t\t\t\t\t\t<p>Nuestra metodolog\u00eda registrada CREA 360\u00b0 integra el an\u00e1lisis de mercado y financiero con estudios arquitect\u00f3nicos y legales, ofreciendo una visi\u00f3n completa de la viabilidad del proyecto.<\/p>\t\t\t\t\t\t\t\t<\/div>\n\t\t\t\t<\/div>\n\t\t\t\t<\/div>\n\t\t<div class=\"elementor-element elementor-element-21389b9 e-con-full e-flex elementor-invisible e-con e-child\" data-id=\"21389b9\" data-element_type=\"container\" data-e-type=\"container\" data-settings=\"{&quot;animation&quot;:&quot;fadeInRight&quot;,&quot;animation_delay&quot;:600}\">\n\t\t\t\t<div class=\"elementor-element elementor-element-a697b9d elementor-widget elementor-widget-html\" data-id=\"a697b9d\" data-element_type=\"widget\" data-e-type=\"widget\" data-widget_type=\"html.default\">\n\t\t\t\t<div class=\"elementor-widget-container\">\n\t\t\t\t\t<div class=\"toggle-container\">\r\n  <div class=\"toggle-item\">\r\n    <button class=\"toggle-title\">Estudio de Factibilidad 360\u00b0 m\u00e1s <br>Test Fit Arquitect\u00f3nico<\/button>\r\n    <div class=\"toggle-content\">\r\n      <p>Integramos el an\u00e1lisis de mercado, financiero, y test fit arquitect\u00f3nico en un solo proyecto para asegurar que cada variable est\u00e9 optimizada y alineada con tus objetivos.<\/p>\r\n\r\n      <!-- Botones debajo del primer acorde\u00f3n -->\r\n      <div class=\"button-container\">\r\n        <a href=\"https:\/\/creasoluciones.com.mx\/blog\/contacto\/\" class=\"custom-button\">Cont\u00e1ctanos<\/a>\r\n        <a href=\"https:\/\/creasoluciones.com.mx\/blog\/casos-de-exito\/\" class=\"custom-button\">Casos de \u00c9xito<\/a>\r\n      <\/div>\r\n    <\/div>\r\n    <\/div>\r\n   <\/div>\r\n \t\t\t\t<\/div>\n\t\t\t\t<\/div>\n\t\t\t\t<\/div>\n\t\t\t\t\t<\/div>\n\t\t\t\t<\/div>\n\t\t<div class=\"elementor-element elementor-element-55c8a4f elementor-hidden-desktop elementor-hidden-tablet elementor-hidden-mobile e-flex e-con-boxed e-con e-parent\" data-id=\"55c8a4f\" data-element_type=\"container\" data-e-type=\"container\">\n\t\t\t\t\t<div class=\"e-con-inner\">\n\t\t\t\t<div class=\"elementor-element elementor-element-c6dc7f9 elementor-invisible elementor-widget elementor-widget-heading\" data-id=\"c6dc7f9\" data-element_type=\"widget\" data-e-type=\"widget\" data-settings=\"{&quot;_animation&quot;:&quot;fadeInLeft&quot;,&quot;_animation_delay&quot;:700}\" data-widget_type=\"heading.default\">\n\t\t\t\t<div class=\"elementor-widget-container\">\n\t\t\t\t\t<h2 class=\"elementor-heading-title elementor-size-default\">Preguntas Frecuentes<\/h2>\t\t\t\t<\/div>\n\t\t\t\t<\/div>\n\t\t\t\t<div class=\"elementor-element elementor-element-dafff9b elementor-widget elementor-widget-spacer\" data-id=\"dafff9b\" data-element_type=\"widget\" data-e-type=\"widget\" data-widget_type=\"spacer.default\">\n\t\t\t\t<div class=\"elementor-widget-container\">\n\t\t\t\t\t\t\t<div class=\"elementor-spacer\">\n\t\t\t<div class=\"elementor-spacer-inner\"><\/div>\n\t\t<\/div>\n\t\t\t\t\t\t<\/div>\n\t\t\t\t<\/div>\n\t\t\t\t\t<\/div>\n\t\t\t\t<\/div>\n\t\t\t\t<\/div>\n\t\t","protected":false},"excerpt":{"rendered":"<p>CREA 360\u00b0 Evaluaci\u00f3n Integral de Factibilidad de Inversiones CREA 360\u00b0 Nuestra metodolog\u00eda registrada CREA 360\u00b0 integra el an\u00e1lisis de mercado y financiero con estudios arquitect\u00f3nicos y legales, ofreciendo una visi\u00f3n completa de la viabilidad del proyecto. Estudio de Factibilidad 360\u00b0 m\u00e1s Test Fit Arquitect\u00f3nico Integramos el an\u00e1lisis de mercado, financiero, y test fit arquitect\u00f3nico en [&hellip;]<\/p>\n","protected":false},"author":1,"featured_media":0,"parent":0,"menu_order":0,"comment_status":"closed","ping_status":"closed","template":"elementor_header_footer","meta":{"_joinchat":[],"footnotes":""},"class_list":["post-10316","page","type-page","status-publish","hentry"],"yoast_head":"<!-- This site is optimized with the Yoast SEO plugin v27.2 - https:\/\/yoast.com\/product\/yoast-seo-wordpress\/ -->\n<title>CREA 360: Factibilidad Integral para Proyectos Inmobiliarios<\/title>\n<meta name=\"description\" content=\"Descubre CREA 360, nuestra metodolog\u00eda integral que eval\u00faa viabilidad de mercado, financiera y arquitect\u00f3nica para asegurar el \u00e9xito de tu desarrollo.\" \/>\n<meta name=\"robots\" content=\"index, follow, max-snippet:-1, max-image-preview:large, max-video-preview:-1\" \/>\n<meta property=\"og:locale\" content=\"es_MX\" \/>\n<meta property=\"og:type\" content=\"article\" \/>\n<meta property=\"og:title\" content=\"CREA 360: Factibilidad Integral para Proyectos Inmobiliarios\" \/>\n<meta property=\"og:description\" content=\"Descubre CREA 360, nuestra metodolog\u00eda integral que eval\u00faa viabilidad de mercado, financiera y arquitect\u00f3nica para asegurar el \u00e9xito de tu desarrollo.\" \/>\n<meta property=\"og:url\" content=\"https:\/\/creasoluciones.com.mx\/blog\/crea-360\/\" \/>\n<meta property=\"og:site_name\" content=\"Crea Soluciones\" \/>\n<meta property=\"article:modified_time\" content=\"2025-05-14T20:26:10+00:00\" \/>\n<meta name=\"twitter:card\" content=\"summary_large_image\" \/>\n<meta name=\"twitter:label1\" content=\"Tiempo de lectura\" \/>\n\t<meta name=\"twitter:data1\" content=\"1 minuto\" \/>\n<script type=\"application\/ld+json\" class=\"yoast-schema-graph\">{\"@context\":\"https:\/\/schema.org\",\"@graph\":[{\"@type\":\"WebPage\",\"@id\":\"https:\/\/creasoluciones.com.mx\/blog\/crea-360\/\",\"url\":\"https:\/\/creasoluciones.com.mx\/blog\/crea-360\/\",\"name\":\"CREA 360: Factibilidad Integral para Proyectos Inmobiliarios\",\"isPartOf\":{\"@id\":\"https:\/\/creasoluciones.com.mx\/blog\/#website\"},\"datePublished\":\"2025-03-25T19:56:36+00:00\",\"dateModified\":\"2025-05-14T20:26:10+00:00\",\"description\":\"Descubre CREA 360, nuestra metodolog\u00eda integral que eval\u00faa viabilidad de mercado, financiera y arquitect\u00f3nica para asegurar el \u00e9xito de tu desarrollo.\",\"breadcrumb\":{\"@id\":\"https:\/\/creasoluciones.com.mx\/blog\/crea-360\/#breadcrumb\"},\"inLanguage\":\"es\",\"potentialAction\":[{\"@type\":\"ReadAction\",\"target\":[\"https:\/\/creasoluciones.com.mx\/blog\/crea-360\/\"]}]},{\"@type\":\"BreadcrumbList\",\"@id\":\"https:\/\/creasoluciones.com.mx\/blog\/crea-360\/#breadcrumb\",\"itemListElement\":[{\"@type\":\"ListItem\",\"position\":1,\"name\":\"Inicio\",\"item\":\"https:\/\/creasoluciones.com.mx\/blog\/blog\/\"},{\"@type\":\"ListItem\",\"position\":2,\"name\":\"CREA 360\"}]},{\"@type\":\"WebSite\",\"@id\":\"https:\/\/creasoluciones.com.mx\/blog\/#website\",\"url\":\"https:\/\/creasoluciones.com.mx\/blog\/\",\"name\":\"Crea Soluciones\",\"description\":\"\",\"publisher\":{\"@id\":\"https:\/\/creasoluciones.com.mx\/blog\/#organization\"},\"potentialAction\":[{\"@type\":\"SearchAction\",\"target\":{\"@type\":\"EntryPoint\",\"urlTemplate\":\"https:\/\/creasoluciones.com.mx\/blog\/?s={search_term_string}\"},\"query-input\":{\"@type\":\"PropertyValueSpecification\",\"valueRequired\":true,\"valueName\":\"search_term_string\"}}],\"inLanguage\":\"es\"},{\"@type\":\"Organization\",\"@id\":\"https:\/\/creasoluciones.com.mx\/blog\/#organization\",\"name\":\"CREA Soluciones\",\"url\":\"https:\/\/creasoluciones.com.mx\/blog\/\",\"logo\":{\"@type\":\"ImageObject\",\"inLanguage\":\"es\",\"@id\":\"https:\/\/creasoluciones.com.mx\/blog\/#\/schema\/logo\/image\/\",\"url\":\"https:\/\/creasoluciones.com.mx\/blog\/wp-content\/uploads\/2023\/11\/logo-crea-soluciones.png\",\"contentUrl\":\"https:\/\/creasoluciones.com.mx\/blog\/wp-content\/uploads\/2023\/11\/logo-crea-soluciones.png\",\"width\":350,\"height\":219,\"caption\":\"CREA Soluciones\"},\"image\":{\"@id\":\"https:\/\/creasoluciones.com.mx\/blog\/#\/schema\/logo\/image\/\"}}]}<\/script>\n<!-- \/ Yoast SEO plugin. -->","yoast_head_json":{"title":"CREA 360: Factibilidad Integral para Proyectos Inmobiliarios","description":"Descubre CREA 360, nuestra metodolog\u00eda integral que eval\u00faa viabilidad de mercado, financiera y arquitect\u00f3nica para asegurar el \u00e9xito de tu desarrollo.","robots":{"index":"index","follow":"follow","max-snippet":"max-snippet:-1","max-image-preview":"max-image-preview:large","max-video-preview":"max-video-preview:-1"},"og_locale":"es_MX","og_type":"article","og_title":"CREA 360: Factibilidad Integral para Proyectos Inmobiliarios","og_description":"Descubre CREA 360, nuestra metodolog\u00eda integral que eval\u00faa viabilidad de mercado, financiera y arquitect\u00f3nica para asegurar el \u00e9xito de tu desarrollo.","og_url":"https:\/\/creasoluciones.com.mx\/blog\/crea-360\/","og_site_name":"Crea Soluciones","article_modified_time":"2025-05-14T20:26:10+00:00","twitter_card":"summary_large_image","twitter_misc":{"Tiempo de lectura":"1 minuto"},"schema":{"@context":"https:\/\/schema.org","@graph":[{"@type":"WebPage","@id":"https:\/\/creasoluciones.com.mx\/blog\/crea-360\/","url":"https:\/\/creasoluciones.com.mx\/blog\/crea-360\/","name":"CREA 360: Factibilidad Integral para Proyectos Inmobiliarios","isPartOf":{"@id":"https:\/\/creasoluciones.com.mx\/blog\/#website"},"datePublished":"2025-03-25T19:56:36+00:00","dateModified":"2025-05-14T20:26:10+00:00","description":"Descubre CREA 360, nuestra metodolog\u00eda integral que eval\u00faa viabilidad de mercado, financiera y arquitect\u00f3nica para asegurar el \u00e9xito de tu desarrollo.","breadcrumb":{"@id":"https:\/\/creasoluciones.com.mx\/blog\/crea-360\/#breadcrumb"},"inLanguage":"es","potentialAction":[{"@type":"ReadAction","target":["https:\/\/creasoluciones.com.mx\/blog\/crea-360\/"]}]},{"@type":"BreadcrumbList","@id":"https:\/\/creasoluciones.com.mx\/blog\/crea-360\/#breadcrumb","itemListElement":[{"@type":"ListItem","position":1,"name":"Inicio","item":"https:\/\/creasoluciones.com.mx\/blog\/blog\/"},{"@type":"ListItem","position":2,"name":"CREA 360"}]},{"@type":"WebSite","@id":"https:\/\/creasoluciones.com.mx\/blog\/#website","url":"https:\/\/creasoluciones.com.mx\/blog\/","name":"Crea Soluciones","description":"","publisher":{"@id":"https:\/\/creasoluciones.com.mx\/blog\/#organization"},"potentialAction":[{"@type":"SearchAction","target":{"@type":"EntryPoint","urlTemplate":"https:\/\/creasoluciones.com.mx\/blog\/?s={search_term_string}"},"query-input":{"@type":"PropertyValueSpecification","valueRequired":true,"valueName":"search_term_string"}}],"inLanguage":"es"},{"@type":"Organization","@id":"https:\/\/creasoluciones.com.mx\/blog\/#organization","name":"CREA Soluciones","url":"https:\/\/creasoluciones.com.mx\/blog\/","logo":{"@type":"ImageObject","inLanguage":"es","@id":"https:\/\/creasoluciones.com.mx\/blog\/#\/schema\/logo\/image\/","url":"https:\/\/creasoluciones.com.mx\/blog\/wp-content\/uploads\/2023\/11\/logo-crea-soluciones.png","contentUrl":"https:\/\/creasoluciones.com.mx\/blog\/wp-content\/uploads\/2023\/11\/logo-crea-soluciones.png","width":350,"height":219,"caption":"CREA Soluciones"},"image":{"@id":"https:\/\/creasoluciones.com.mx\/blog\/#\/schema\/logo\/image\/"}}]}},"_links":{"self":[{"href":"https:\/\/creasoluciones.com.mx\/blog\/wp-json\/wp\/v2\/pages\/10316","targetHints":{"allow":["GET"]}}],"collection":[{"href":"https:\/\/creasoluciones.com.mx\/blog\/wp-json\/wp\/v2\/pages"}],"about":[{"href":"https:\/\/creasoluciones.com.mx\/blog\/wp-json\/wp\/v2\/types\/page"}],"author":[{"embeddable":true,"href":"https:\/\/creasoluciones.com.mx\/blog\/wp-json\/wp\/v2\/users\/1"}],"replies":[{"embeddable":true,"href":"https:\/\/creasoluciones.com.mx\/blog\/wp-json\/wp\/v2\/comments?post=10316"}],"version-history":[{"count":22,"href":"https:\/\/creasoluciones.com.mx\/blog\/wp-json\/wp\/v2\/pages\/10316\/revisions"}],"predecessor-version":[{"id":11801,"href":"https:\/\/creasoluciones.com.mx\/blog\/wp-json\/wp\/v2\/pages\/10316\/revisions\/11801"}],"wp:attachment":[{"href":"https:\/\/creasoluciones.com.mx\/blog\/wp-json\/wp\/v2\/media?parent=10316"}],"curies":[{"name":"wp","href":"https:\/\/api.w.org\/{rel}","templated":true}]}}