{"id":10288,"date":"2025-03-24T15:48:35","date_gmt":"2025-03-24T21:48:35","guid":{"rendered":"https:\/\/creasoluciones.com.mx\/?page_id=10288"},"modified":"2025-11-25T15:39:55","modified_gmt":"2025-11-25T21:39:55","slug":"servicios","status":"publish","type":"page","link":"https:\/\/creasoluciones.com.mx\/blog\/servicios\/","title":{"rendered":"Servicios"},"content":{"rendered":"\t\t<div data-elementor-type=\"wp-page\" data-elementor-id=\"10288\" class=\"elementor elementor-10288\" data-elementor-settings=\"{&quot;element_pack_global_tooltip_width&quot;:{&quot;unit&quot;:&quot;px&quot;,&quot;size&quot;:&quot;&quot;,&quot;sizes&quot;:[]},&quot;element_pack_global_tooltip_width_tablet&quot;:{&quot;unit&quot;:&quot;px&quot;,&quot;size&quot;:&quot;&quot;,&quot;sizes&quot;:[]},&quot;element_pack_global_tooltip_width_mobile&quot;:{&quot;unit&quot;:&quot;px&quot;,&quot;size&quot;:&quot;&quot;,&quot;sizes&quot;:[]},&quot;element_pack_global_tooltip_padding&quot;:{&quot;unit&quot;:&quot;px&quot;,&quot;top&quot;:&quot;&quot;,&quot;right&quot;:&quot;&quot;,&quot;bottom&quot;:&quot;&quot;,&quot;left&quot;:&quot;&quot;,&quot;isLinked&quot;:true},&quot;element_pack_global_tooltip_padding_tablet&quot;:{&quot;unit&quot;:&quot;px&quot;,&quot;top&quot;:&quot;&quot;,&quot;right&quot;:&quot;&quot;,&quot;bottom&quot;:&quot;&quot;,&quot;left&quot;:&quot;&quot;,&quot;isLinked&quot;:true},&quot;element_pack_global_tooltip_padding_mobile&quot;:{&quot;unit&quot;:&quot;px&quot;,&quot;top&quot;:&quot;&quot;,&quot;right&quot;:&quot;&quot;,&quot;bottom&quot;:&quot;&quot;,&quot;left&quot;:&quot;&quot;,&quot;isLinked&quot;:true},&quot;element_pack_global_tooltip_border_radius&quot;:{&quot;unit&quot;:&quot;px&quot;,&quot;top&quot;:&quot;&quot;,&quot;right&quot;:&quot;&quot;,&quot;bottom&quot;:&quot;&quot;,&quot;left&quot;:&quot;&quot;,&quot;isLinked&quot;:true},&quot;element_pack_global_tooltip_border_radius_tablet&quot;:{&quot;unit&quot;:&quot;px&quot;,&quot;top&quot;:&quot;&quot;,&quot;right&quot;:&quot;&quot;,&quot;bottom&quot;:&quot;&quot;,&quot;left&quot;:&quot;&quot;,&quot;isLinked&quot;:true},&quot;element_pack_global_tooltip_border_radius_mobile&quot;:{&quot;unit&quot;:&quot;px&quot;,&quot;top&quot;:&quot;&quot;,&quot;right&quot;:&quot;&quot;,&quot;bottom&quot;:&quot;&quot;,&quot;left&quot;:&quot;&quot;,&quot;isLinked&quot;:true}}\" data-elementor-post-type=\"page\">\n\t\t\t\t<div class=\"elementor-element elementor-element-48d0551 e-con-full e-flex e-con e-parent\" data-id=\"48d0551\" data-element_type=\"container\" data-e-type=\"container\" data-settings=\"{&quot;background_background&quot;:&quot;classic&quot;}\">\n\t\t\t\t<div class=\"elementor-element elementor-element-0c9d231 elementor-invisible elementor-widget elementor-widget-heading\" data-id=\"0c9d231\" data-element_type=\"widget\" data-e-type=\"widget\" data-settings=\"{&quot;_animation&quot;:&quot;fadeInLeft&quot;,&quot;motion_fx_motion_fx_scrolling&quot;:&quot;yes&quot;,&quot;motion_fx_translateY_effect&quot;:&quot;yes&quot;,&quot;motion_fx_translateY_direction&quot;:&quot;negative&quot;,&quot;motion_fx_translateY_speed&quot;:{&quot;unit&quot;:&quot;px&quot;,&quot;size&quot;:4,&quot;sizes&quot;:[]},&quot;motion_fx_translateY_affectedRange&quot;:{&quot;unit&quot;:&quot;%&quot;,&quot;size&quot;:&quot;&quot;,&quot;sizes&quot;:{&quot;start&quot;:0,&quot;end&quot;:100}},&quot;motion_fx_devices&quot;:[&quot;desktop&quot;,&quot;tablet&quot;,&quot;mobile&quot;]}\" data-widget_type=\"heading.default\">\n\t\t\t\t<div class=\"elementor-widget-container\">\n\t\t\t\t\t<h2 class=\"elementor-heading-title elementor-size-default\">Nuestros Servicios<\/h2>\t\t\t\t<\/div>\n\t\t\t\t<\/div>\n\t\t\t\t<\/div>\n\t\t<div class=\"elementor-element elementor-element-2a5376b e-flex e-con-boxed e-con e-parent\" data-id=\"2a5376b\" data-element_type=\"container\" data-e-type=\"container\">\n\t\t\t\t\t<div class=\"e-con-inner\">\n\t\t<div class=\"elementor-element elementor-element-ca3d989 e-con-full e-flex elementor-invisible e-con e-child\" data-id=\"ca3d989\" data-element_type=\"container\" data-e-type=\"container\" data-settings=\"{&quot;background_background&quot;:&quot;classic&quot;,&quot;animation&quot;:&quot;fadeInLeft&quot;,&quot;animation_delay&quot;:300}\">\n\t\t\t\t<div class=\"elementor-element elementor-element-d4a55c8 elementor-widget elementor-widget-spacer\" data-id=\"d4a55c8\" data-element_type=\"widget\" data-e-type=\"widget\" data-widget_type=\"spacer.default\">\n\t\t\t\t<div class=\"elementor-widget-container\">\n\t\t\t\t\t\t\t<div class=\"elementor-spacer\">\n\t\t\t<div class=\"elementor-spacer-inner\"><\/div>\n\t\t<\/div>\n\t\t\t\t\t\t<\/div>\n\t\t\t\t<\/div>\n\t\t\t\t<div class=\"elementor-element elementor-element-192cf1e elementor-widget elementor-widget-text-editor\" data-id=\"192cf1e\" data-element_type=\"widget\" data-e-type=\"widget\" data-widget_type=\"text-editor.default\">\n\t\t\t\t<div class=\"elementor-widget-container\">\n\t\t\t\t\t\t\t\t\t<p>El entorno inmobiliario es el escenario donde se define c\u00f3mo vivimos, trabajamos y nos relacionamos. En <strong>CREA Soluciones<\/strong> transformamos el an\u00e1lisis en estrategias integrales para desarrollos inmobiliarios. Con m\u00e1s de 20 a\u00f1os de experiencia y una metodolog\u00eda patentada, acompa\u00f1amos cada etapa de tu proyecto, asegurando viabilidad, rentabilidad y cumplimiento normativo. Explora cada uno de nuestros servicios y encuentra la respuesta exacta a tus necesidades.<\/p>\t\t\t\t\t\t\t\t<\/div>\n\t\t\t\t<\/div>\n\t\t\t\t<\/div>\n\t\t\t\t\t<\/div>\n\t\t\t\t<\/div>\n\t\t<div class=\"elementor-element elementor-element-55c8a4f e-flex e-con-boxed elementor-invisible e-con e-parent\" data-id=\"55c8a4f\" data-element_type=\"container\" data-e-type=\"container\" data-settings=\"{&quot;animation&quot;:&quot;fadeInUp&quot;,&quot;animation_delay&quot;:450}\">\n\t\t\t\t\t<div class=\"e-con-inner\">\n\t\t\t\t<div class=\"elementor-element elementor-element-dafff9b elementor-widget elementor-widget-spacer\" data-id=\"dafff9b\" data-element_type=\"widget\" data-e-type=\"widget\" data-widget_type=\"spacer.default\">\n\t\t\t\t<div class=\"elementor-widget-container\">\n\t\t\t\t\t\t\t<div class=\"elementor-spacer\">\n\t\t\t<div class=\"elementor-spacer-inner\"><\/div>\n\t\t<\/div>\n\t\t\t\t\t\t<\/div>\n\t\t\t\t<\/div>\n\t\t\t\t<div class=\"elementor-element elementor-element-c3e7754 elementor-widget elementor-widget-eael-interactive-circle\" data-id=\"c3e7754\" data-element_type=\"widget\" data-e-type=\"widget\" data-widget_type=\"eael-interactive-circle.default\">\n\t\t\t\t<div class=\"elementor-widget-container\">\n\t\t\t\t\t        <div id=\"eael-interactive-circle-c3e7754\" class=\"eael-interactive-circle\" data-tabid=\"c3e7754\">\n\t\t\t\n                <div class=\"eael-circle-wrapper eael-interactive-circle-preset-2 eael-interactive-circle-event-hover eael-circle-responsive-view\" data-appearance=\"eael-interactive-circle-animation-3\" data-autoplay=\"0\" data-autoplay-interval=\"2000\">\n                    <div class=\"eael-circle-info\">\n                        <div class=\"eael-circle-inner\" data-items=\"5\">\n\t\t\t\t\t\t\t                                <div class=\"eael-circle-item elementor-repeater-item-42fa31a\">\n                                    <div aria-controls=\"eael-interactive-1\" tabindex=\"0\" class=\"eael-circle-btn active\" id=\"eael-circle-item-1\">\n                                        <div class=\"eael-circle-icon-shapes\">\n                                            <div class=\"eael-shape-1\"><\/div>\n                                            <div class=\"eael-shape-2\"><\/div>\n                                        <\/div>\n\n\t\t\t\t\t\t\t\t\t\t<!-- Start URL support -->\n\t\t\t\t\t\t\t\t\t\t\t\t\t\t\t\t\t\t\t\t\t<a href=\"https:\/\/creasoluciones.com.mx\/blog\/inteligencia-de-mercado\/\">\n\t\t\t\t\t\t\t\t\t\t\t\t<div class=\"eael-circle-btn-icon\">\n\t\t\t\t\t\t\t\t\t\t\t\t\t<div class=\"eael-circle-btn-icon-inner\">\n\t\t\t\t\t\t\t\t\t\t\t\t\t\t<i class=\"far fa-building\"><\/i><span class=\"eael-circle-btn-txt\">Inteligencia de Mercado<\/span>\t\t\t\t\t\t\t\t\t\t\t\t\t<\/div>\n\t\t\t\t\t\t\t\t\t\t\t\t<\/div>\n\t\t\t\t\t\t\t\t\t\t\t<\/a>\n\t\t\t\t\t\t\t\t\t\t\t\t\t\t\t\t\t\t\t\t\t<!-- End URL support -->\n\n                                    <\/div>\n                                    <div class=\"eael-circle-btn-content eael-circle-item-1 active\">\n                                        <div id=\"eael-interactive1\" aria-labelledby=\"eael-circle-item-1\" class=\"eael-circle-content\">\n\t\t\t\t\t\t\t\t\t\t\t\t\t\t\t\t\t\t\t\t\t\t<p>El \u00e9xito de un desarrollo comienza con la comprensi\u00f3n del entorno y la tierra. Nuestro servicio de Inteligencia de Mercado parte de un Estudio de Mercado Inmobiliario del que se desprenden distintas variaciones, respaldadas por nuestra metodolog\u00eda y experiencia.<\/p>                                        <\/div>\n                                    <\/div>\n                                <\/div>\n\t\t\t\t\t\t\t                                <div class=\"eael-circle-item elementor-repeater-item-9fe16e3\">\n                                    <div aria-controls=\"eael-interactive-2\" tabindex=\"0\" class=\"eael-circle-btn \" id=\"eael-circle-item-2\">\n                                        <div class=\"eael-circle-icon-shapes\">\n                                            <div class=\"eael-shape-1\"><\/div>\n                                            <div class=\"eael-shape-2\"><\/div>\n                                        <\/div>\n\n\t\t\t\t\t\t\t\t\t\t<!-- Start URL support -->\n\t\t\t\t\t\t\t\t\t\t\t\t\t\t\t\t\t\t\t\t\t<a href=\"https:\/\/creasoluciones.com.mx\/blog\/financiero\/\">\n\t\t\t\t\t\t\t\t\t\t\t\t<div class=\"eael-circle-btn-icon\">\n\t\t\t\t\t\t\t\t\t\t\t\t\t<div class=\"eael-circle-btn-icon-inner\">\n\t\t\t\t\t\t\t\t\t\t\t\t\t\t<i class=\"fas fa-money-check-alt\"><\/i><span class=\"eael-circle-btn-txt\">Financiero<\/span>\t\t\t\t\t\t\t\t\t\t\t\t\t<\/div>\n\t\t\t\t\t\t\t\t\t\t\t\t<\/div>\n\t\t\t\t\t\t\t\t\t\t\t<\/a>\n\t\t\t\t\t\t\t\t\t\t\t\t\t\t\t\t\t\t\t\t\t<!-- End URL support -->\n\n                                    <\/div>\n                                    <div class=\"eael-circle-btn-content eael-circle-item-2 \">\n                                        <div id=\"eael-interactive2\" aria-labelledby=\"eael-circle-item-2\" class=\"eael-circle-content\">\n\t\t\t\t\t\t\t\t\t\t\t\t\t\t\t\t\t\t\t\t\t\t<p>Convertir la informaci\u00f3n en decisiones acertadas es clave. Nuestro an\u00e1lisis financiero eval\u00faa costos, ingresos y rentabilidad en distintos escenarios para fundamentar cada inversi\u00f3n.<\/p>                                        <\/div>\n                                    <\/div>\n                                <\/div>\n\t\t\t\t\t\t\t                                <div class=\"eael-circle-item elementor-repeater-item-2a2383e\">\n                                    <div aria-controls=\"eael-interactive-3\" tabindex=\"0\" class=\"eael-circle-btn \" id=\"eael-circle-item-3\">\n                                        <div class=\"eael-circle-icon-shapes\">\n                                            <div class=\"eael-shape-1\"><\/div>\n                                            <div class=\"eael-shape-2\"><\/div>\n                                        <\/div>\n\n\t\t\t\t\t\t\t\t\t\t<!-- Start URL support -->\n\t\t\t\t\t\t\t\t\t\t\t\t\t\t\t\t\t\t\t\t\t<a href=\"https:\/\/creasoluciones.com.mx\/blog\/crea-360\/\">\n\t\t\t\t\t\t\t\t\t\t\t\t<div class=\"eael-circle-btn-icon\">\n\t\t\t\t\t\t\t\t\t\t\t\t\t<div class=\"eael-circle-btn-icon-inner\">\n\t\t\t\t\t\t\t\t\t\t\t\t\t\t<i class=\"fas fa-circle-notch\"><\/i><span class=\"eael-circle-btn-txt\">CREA 360<\/span>\t\t\t\t\t\t\t\t\t\t\t\t\t<\/div>\n\t\t\t\t\t\t\t\t\t\t\t\t<\/div>\n\t\t\t\t\t\t\t\t\t\t\t<\/a>\n\t\t\t\t\t\t\t\t\t\t\t\t\t\t\t\t\t\t\t\t\t<!-- End URL support -->\n\n                                    <\/div>\n                                    <div class=\"eael-circle-btn-content eael-circle-item-3 \">\n                                        <div id=\"eael-interactive3\" aria-labelledby=\"eael-circle-item-3\" class=\"eael-circle-content\">\n\t\t\t\t\t\t\t\t\t\t\t\t\t\t\t\t\t\t\t\t\t\t<p>Nuestra metodolog\u00eda registrada CREA 360\u00b0 integra el an\u00e1lisis de mercado y financiero con estudios arquitect\u00f3nicos y legales, ofreciendo una visi\u00f3n completa de la viabilidad del proyecto.<\/p>                                        <\/div>\n                                    <\/div>\n                                <\/div>\n\t\t\t\t\t\t\t                                <div class=\"eael-circle-item elementor-repeater-item-54dfd1c\">\n                                    <div aria-controls=\"eael-interactive-4\" tabindex=\"0\" class=\"eael-circle-btn \" id=\"eael-circle-item-4\">\n                                        <div class=\"eael-circle-icon-shapes\">\n                                            <div class=\"eael-shape-1\"><\/div>\n                                            <div class=\"eael-shape-2\"><\/div>\n                                        <\/div>\n\n\t\t\t\t\t\t\t\t\t\t<!-- Start URL support -->\n\t\t\t\t\t\t\t\t\t\t\t\t\t\t\t\t\t\t\t\t\t<a href=\"https:\/\/creasoluciones.com.mx\/blog\/financiamiento\/\">\n\t\t\t\t\t\t\t\t\t\t\t\t<div class=\"eael-circle-btn-icon\">\n\t\t\t\t\t\t\t\t\t\t\t\t\t<div class=\"eael-circle-btn-icon-inner\">\n\t\t\t\t\t\t\t\t\t\t\t\t\t\t<i class=\"far fa-money-bill-alt\"><\/i><span class=\"eael-circle-btn-txt\">Financiamiento<\/span>\t\t\t\t\t\t\t\t\t\t\t\t\t<\/div>\n\t\t\t\t\t\t\t\t\t\t\t\t<\/div>\n\t\t\t\t\t\t\t\t\t\t\t<\/a>\n\t\t\t\t\t\t\t\t\t\t\t\t\t\t\t\t\t\t\t\t\t<!-- End URL support -->\n\n                                    <\/div>\n                                    <div class=\"eael-circle-btn-content eael-circle-item-4 \">\n                                        <div id=\"eael-interactive4\" aria-labelledby=\"eael-circle-item-4\" class=\"eael-circle-content\">\n\t\t\t\t\t\t\t\t\t\t\t\t\t\t\t\t\t\t\t\t\t\t<p>En el desarrollo de proyectos inmobiliarios, contar con el financiamiento adecuado es esencial para transformar un proyecto en una realidad. Nuestro servicio conecta tu desarrollo con las mejores opciones de capital y deuda del mercado.<\/p>                                        <\/div>\n                                    <\/div>\n                                <\/div>\n\t\t\t\t\t\t\t                                <div class=\"eael-circle-item elementor-repeater-item-3c6e528\">\n                                    <div aria-controls=\"eael-interactive-5\" tabindex=\"0\" class=\"eael-circle-btn \" id=\"eael-circle-item-5\">\n                                        <div class=\"eael-circle-icon-shapes\">\n                                            <div class=\"eael-shape-1\"><\/div>\n                                            <div class=\"eael-shape-2\"><\/div>\n                                        <\/div>\n\n\t\t\t\t\t\t\t\t\t\t<!-- Start URL support -->\n\t\t\t\t\t\t\t\t\t\t\t\t\t\t\t\t\t\t\t\t\t<a href=\"https:\/\/creasoluciones.com.mx\/blog\/test-fit-arquitectonico\/\">\n\t\t\t\t\t\t\t\t\t\t\t\t<div class=\"eael-circle-btn-icon\">\n\t\t\t\t\t\t\t\t\t\t\t\t\t<div class=\"eael-circle-btn-icon-inner\">\n\t\t\t\t\t\t\t\t\t\t\t\t\t\t<i class=\"fas fa-archway\"><\/i><span class=\"eael-circle-btn-txt\">Test Fit Arquitectonico<\/span>\t\t\t\t\t\t\t\t\t\t\t\t\t<\/div>\n\t\t\t\t\t\t\t\t\t\t\t\t<\/div>\n\t\t\t\t\t\t\t\t\t\t\t<\/a>\n\t\t\t\t\t\t\t\t\t\t\t\t\t\t\t\t\t\t\t\t\t<!-- End URL support -->\n\n                                    <\/div>\n                                    <div class=\"eael-circle-btn-content eael-circle-item-5 \">\n                                        <div id=\"eael-interactive5\" aria-labelledby=\"eael-circle-item-5\" class=\"eael-circle-content\">\n\t\t\t\t\t\t\t\t\t\t\t\t\t\t\t\t\t\t\t\t\t\t<p>El anteproyecto arquitect\u00f3nico es una fase clave en el desarrollo inmobiliario, ya que nos permite validar que las recomendaciones del estudio de mercado y el modelo financiero se ajusten al terreno, usos de suelo y segmentaci\u00f3n recomendada. El Test Fit Arquitect\u00f3nico es la primera representaci\u00f3n tangible de tu visi\u00f3n, traduciendo datos y an\u00e1lisis en un dise\u00f1o funcional y atractivo, listo para ser presentado a comit\u00e9s para la autorizaci\u00f3n de financiamiento.<\/p>                                        <\/div>\n                                    <\/div>\n                                <\/div>\n\t\t\t\t\t\t\t\n                        <\/div>\n                    <\/div>\n                <\/div>\n\t\t\t\n        <\/div>\n\t\t\t\t\t<\/div>\n\t\t\t\t<\/div>\n\t\t\t\t<div class=\"elementor-element elementor-element-b7e35b5 elementor-widget elementor-widget-spacer\" data-id=\"b7e35b5\" data-element_type=\"widget\" data-e-type=\"widget\" data-widget_type=\"spacer.default\">\n\t\t\t\t<div class=\"elementor-widget-container\">\n\t\t\t\t\t\t\t<div class=\"elementor-spacer\">\n\t\t\t<div class=\"elementor-spacer-inner\"><\/div>\n\t\t<\/div>\n\t\t\t\t\t\t<\/div>\n\t\t\t\t<\/div>\n\t\t\t\t\t<\/div>\n\t\t\t\t<\/div>\n\t\t\t\t<\/div>\n\t\t","protected":false},"excerpt":{"rendered":"<p>Nuestros Servicios El entorno inmobiliario es el escenario donde se define c\u00f3mo vivimos, trabajamos y nos relacionamos. En CREA Soluciones transformamos el an\u00e1lisis en estrategias integrales para desarrollos inmobiliarios. Con m\u00e1s de 20 a\u00f1os de experiencia y una metodolog\u00eda patentada, acompa\u00f1amos cada etapa de tu proyecto, asegurando viabilidad, rentabilidad y cumplimiento normativo. Explora cada uno [&hellip;]<\/p>\n","protected":false},"author":1,"featured_media":0,"parent":0,"menu_order":0,"comment_status":"closed","ping_status":"closed","template":"elementor_header_footer","meta":{"_joinchat":[],"footnotes":""},"class_list":["post-10288","page","type-page","status-publish","hentry"],"yoast_head":"<!-- This site is optimized with the Yoast SEO plugin v27.2 - https:\/\/yoast.com\/product\/yoast-seo-wordpress\/ -->\n<title>Servicios de Consultor\u00eda Inmobiliaria | CREA Soluciones\u200b<\/title>\n<meta name=\"description\" content=\"Descubre nuestros servicios integrales: inteligencia de mercado, an\u00e1lisis financiero, aval\u00faos, financiamiento y m\u00e1s para el \u00e9xito de tu proyecto inmobiliario.\u200b\" \/>\n<meta name=\"robots\" content=\"noindex, follow\" \/>\n<meta property=\"og:locale\" content=\"es_MX\" \/>\n<meta property=\"og:type\" content=\"article\" \/>\n<meta property=\"og:title\" content=\"Servicios de Consultor\u00eda Inmobiliaria | CREA Soluciones\u200b\" \/>\n<meta property=\"og:description\" content=\"Descubre nuestros servicios integrales: inteligencia de mercado, an\u00e1lisis financiero, aval\u00faos, financiamiento y m\u00e1s para el \u00e9xito de tu proyecto inmobiliario.\u200b\" \/>\n<meta property=\"og:url\" content=\"https:\/\/creasoluciones.com.mx\/blog\/servicios\/\" \/>\n<meta property=\"og:site_name\" content=\"Crea Soluciones\" \/>\n<meta property=\"article:modified_time\" content=\"2025-11-25T21:39:55+00:00\" \/>\n<meta name=\"twitter:card\" content=\"summary_large_image\" \/>\n<meta name=\"twitter:label1\" content=\"Tiempo de lectura\" \/>\n\t<meta name=\"twitter:data1\" content=\"2 minutos\" \/>\n<script type=\"application\/ld+json\" class=\"yoast-schema-graph\">{\"@context\":\"https:\/\/schema.org\",\"@graph\":[{\"@type\":\"WebPage\",\"@id\":\"https:\/\/creasoluciones.com.mx\/blog\/servicios\/\",\"url\":\"https:\/\/creasoluciones.com.mx\/blog\/servicios\/\",\"name\":\"Servicios de Consultor\u00eda Inmobiliaria | CREA Soluciones\u200b\",\"isPartOf\":{\"@id\":\"https:\/\/creasoluciones.com.mx\/blog\/#website\"},\"datePublished\":\"2025-03-24T21:48:35+00:00\",\"dateModified\":\"2025-11-25T21:39:55+00:00\",\"description\":\"Descubre nuestros servicios integrales: inteligencia de mercado, an\u00e1lisis financiero, aval\u00faos, financiamiento y m\u00e1s para el \u00e9xito de tu proyecto inmobiliario.\u200b\",\"breadcrumb\":{\"@id\":\"https:\/\/creasoluciones.com.mx\/blog\/servicios\/#breadcrumb\"},\"inLanguage\":\"es\",\"potentialAction\":[{\"@type\":\"ReadAction\",\"target\":[\"https:\/\/creasoluciones.com.mx\/blog\/servicios\/\"]}]},{\"@type\":\"BreadcrumbList\",\"@id\":\"https:\/\/creasoluciones.com.mx\/blog\/servicios\/#breadcrumb\",\"itemListElement\":[{\"@type\":\"ListItem\",\"position\":1,\"name\":\"Inicio\",\"item\":\"https:\/\/creasoluciones.com.mx\/blog\/blog\/\"},{\"@type\":\"ListItem\",\"position\":2,\"name\":\"Servicios\"}]},{\"@type\":\"WebSite\",\"@id\":\"https:\/\/creasoluciones.com.mx\/blog\/#website\",\"url\":\"https:\/\/creasoluciones.com.mx\/blog\/\",\"name\":\"Crea Soluciones\",\"description\":\"\",\"publisher\":{\"@id\":\"https:\/\/creasoluciones.com.mx\/blog\/#organization\"},\"potentialAction\":[{\"@type\":\"SearchAction\",\"target\":{\"@type\":\"EntryPoint\",\"urlTemplate\":\"https:\/\/creasoluciones.com.mx\/blog\/?s={search_term_string}\"},\"query-input\":{\"@type\":\"PropertyValueSpecification\",\"valueRequired\":true,\"valueName\":\"search_term_string\"}}],\"inLanguage\":\"es\"},{\"@type\":\"Organization\",\"@id\":\"https:\/\/creasoluciones.com.mx\/blog\/#organization\",\"name\":\"CREA Soluciones\",\"url\":\"https:\/\/creasoluciones.com.mx\/blog\/\",\"logo\":{\"@type\":\"ImageObject\",\"inLanguage\":\"es\",\"@id\":\"https:\/\/creasoluciones.com.mx\/blog\/#\/schema\/logo\/image\/\",\"url\":\"https:\/\/creasoluciones.com.mx\/blog\/wp-content\/uploads\/2023\/11\/logo-crea-soluciones.png\",\"contentUrl\":\"https:\/\/creasoluciones.com.mx\/blog\/wp-content\/uploads\/2023\/11\/logo-crea-soluciones.png\",\"width\":350,\"height\":219,\"caption\":\"CREA Soluciones\"},\"image\":{\"@id\":\"https:\/\/creasoluciones.com.mx\/blog\/#\/schema\/logo\/image\/\"}}]}<\/script>\n<!-- \/ Yoast SEO plugin. -->","yoast_head_json":{"title":"Servicios de Consultor\u00eda Inmobiliaria | CREA Soluciones\u200b","description":"Descubre nuestros servicios integrales: inteligencia de mercado, an\u00e1lisis financiero, aval\u00faos, financiamiento y m\u00e1s para el \u00e9xito de tu proyecto inmobiliario.\u200b","robots":{"index":"noindex","follow":"follow"},"og_locale":"es_MX","og_type":"article","og_title":"Servicios de Consultor\u00eda Inmobiliaria | CREA Soluciones\u200b","og_description":"Descubre nuestros servicios integrales: inteligencia de mercado, an\u00e1lisis financiero, aval\u00faos, financiamiento y m\u00e1s para el \u00e9xito de tu proyecto inmobiliario.\u200b","og_url":"https:\/\/creasoluciones.com.mx\/blog\/servicios\/","og_site_name":"Crea Soluciones","article_modified_time":"2025-11-25T21:39:55+00:00","twitter_card":"summary_large_image","twitter_misc":{"Tiempo de lectura":"2 minutos"},"schema":{"@context":"https:\/\/schema.org","@graph":[{"@type":"WebPage","@id":"https:\/\/creasoluciones.com.mx\/blog\/servicios\/","url":"https:\/\/creasoluciones.com.mx\/blog\/servicios\/","name":"Servicios de Consultor\u00eda Inmobiliaria | CREA Soluciones\u200b","isPartOf":{"@id":"https:\/\/creasoluciones.com.mx\/blog\/#website"},"datePublished":"2025-03-24T21:48:35+00:00","dateModified":"2025-11-25T21:39:55+00:00","description":"Descubre nuestros servicios integrales: inteligencia de mercado, an\u00e1lisis financiero, aval\u00faos, financiamiento y m\u00e1s para el \u00e9xito de tu proyecto inmobiliario.\u200b","breadcrumb":{"@id":"https:\/\/creasoluciones.com.mx\/blog\/servicios\/#breadcrumb"},"inLanguage":"es","potentialAction":[{"@type":"ReadAction","target":["https:\/\/creasoluciones.com.mx\/blog\/servicios\/"]}]},{"@type":"BreadcrumbList","@id":"https:\/\/creasoluciones.com.mx\/blog\/servicios\/#breadcrumb","itemListElement":[{"@type":"ListItem","position":1,"name":"Inicio","item":"https:\/\/creasoluciones.com.mx\/blog\/blog\/"},{"@type":"ListItem","position":2,"name":"Servicios"}]},{"@type":"WebSite","@id":"https:\/\/creasoluciones.com.mx\/blog\/#website","url":"https:\/\/creasoluciones.com.mx\/blog\/","name":"Crea Soluciones","description":"","publisher":{"@id":"https:\/\/creasoluciones.com.mx\/blog\/#organization"},"potentialAction":[{"@type":"SearchAction","target":{"@type":"EntryPoint","urlTemplate":"https:\/\/creasoluciones.com.mx\/blog\/?s={search_term_string}"},"query-input":{"@type":"PropertyValueSpecification","valueRequired":true,"valueName":"search_term_string"}}],"inLanguage":"es"},{"@type":"Organization","@id":"https:\/\/creasoluciones.com.mx\/blog\/#organization","name":"CREA Soluciones","url":"https:\/\/creasoluciones.com.mx\/blog\/","logo":{"@type":"ImageObject","inLanguage":"es","@id":"https:\/\/creasoluciones.com.mx\/blog\/#\/schema\/logo\/image\/","url":"https:\/\/creasoluciones.com.mx\/blog\/wp-content\/uploads\/2023\/11\/logo-crea-soluciones.png","contentUrl":"https:\/\/creasoluciones.com.mx\/blog\/wp-content\/uploads\/2023\/11\/logo-crea-soluciones.png","width":350,"height":219,"caption":"CREA Soluciones"},"image":{"@id":"https:\/\/creasoluciones.com.mx\/blog\/#\/schema\/logo\/image\/"}}]}},"_links":{"self":[{"href":"https:\/\/creasoluciones.com.mx\/blog\/wp-json\/wp\/v2\/pages\/10288","targetHints":{"allow":["GET"]}}],"collection":[{"href":"https:\/\/creasoluciones.com.mx\/blog\/wp-json\/wp\/v2\/pages"}],"about":[{"href":"https:\/\/creasoluciones.com.mx\/blog\/wp-json\/wp\/v2\/types\/page"}],"author":[{"embeddable":true,"href":"https:\/\/creasoluciones.com.mx\/blog\/wp-json\/wp\/v2\/users\/1"}],"replies":[{"embeddable":true,"href":"https:\/\/creasoluciones.com.mx\/blog\/wp-json\/wp\/v2\/comments?post=10288"}],"version-history":[{"count":68,"href":"https:\/\/creasoluciones.com.mx\/blog\/wp-json\/wp\/v2\/pages\/10288\/revisions"}],"predecessor-version":[{"id":17440,"href":"https:\/\/creasoluciones.com.mx\/blog\/wp-json\/wp\/v2\/pages\/10288\/revisions\/17440"}],"wp:attachment":[{"href":"https:\/\/creasoluciones.com.mx\/blog\/wp-json\/wp\/v2\/media?parent=10288"}],"curies":[{"name":"wp","href":"https:\/\/api.w.org\/{rel}","templated":true}]}}