{"id":10207,"date":"2025-03-18T14:29:44","date_gmt":"2025-03-18T20:29:44","guid":{"rendered":"https:\/\/creasoluciones.com.mx\/?page_id=10207"},"modified":"2025-05-14T11:27:31","modified_gmt":"2025-05-14T17:27:31","slug":"inteligencia-de-mercado","status":"publish","type":"page","link":"https:\/\/creasoluciones.com.mx\/blog\/inteligencia-de-mercado\/","title":{"rendered":"Inteligencia de mercado"},"content":{"rendered":"\t\t<div data-elementor-type=\"wp-page\" data-elementor-id=\"10207\" class=\"elementor elementor-10207\" data-elementor-settings=\"{&quot;element_pack_global_tooltip_width&quot;:{&quot;unit&quot;:&quot;px&quot;,&quot;size&quot;:&quot;&quot;,&quot;sizes&quot;:[]},&quot;element_pack_global_tooltip_width_tablet&quot;:{&quot;unit&quot;:&quot;px&quot;,&quot;size&quot;:&quot;&quot;,&quot;sizes&quot;:[]},&quot;element_pack_global_tooltip_width_mobile&quot;:{&quot;unit&quot;:&quot;px&quot;,&quot;size&quot;:&quot;&quot;,&quot;sizes&quot;:[]},&quot;element_pack_global_tooltip_padding&quot;:{&quot;unit&quot;:&quot;px&quot;,&quot;top&quot;:&quot;&quot;,&quot;right&quot;:&quot;&quot;,&quot;bottom&quot;:&quot;&quot;,&quot;left&quot;:&quot;&quot;,&quot;isLinked&quot;:true},&quot;element_pack_global_tooltip_padding_tablet&quot;:{&quot;unit&quot;:&quot;px&quot;,&quot;top&quot;:&quot;&quot;,&quot;right&quot;:&quot;&quot;,&quot;bottom&quot;:&quot;&quot;,&quot;left&quot;:&quot;&quot;,&quot;isLinked&quot;:true},&quot;element_pack_global_tooltip_padding_mobile&quot;:{&quot;unit&quot;:&quot;px&quot;,&quot;top&quot;:&quot;&quot;,&quot;right&quot;:&quot;&quot;,&quot;bottom&quot;:&quot;&quot;,&quot;left&quot;:&quot;&quot;,&quot;isLinked&quot;:true},&quot;element_pack_global_tooltip_border_radius&quot;:{&quot;unit&quot;:&quot;px&quot;,&quot;top&quot;:&quot;&quot;,&quot;right&quot;:&quot;&quot;,&quot;bottom&quot;:&quot;&quot;,&quot;left&quot;:&quot;&quot;,&quot;isLinked&quot;:true},&quot;element_pack_global_tooltip_border_radius_tablet&quot;:{&quot;unit&quot;:&quot;px&quot;,&quot;top&quot;:&quot;&quot;,&quot;right&quot;:&quot;&quot;,&quot;bottom&quot;:&quot;&quot;,&quot;left&quot;:&quot;&quot;,&quot;isLinked&quot;:true},&quot;element_pack_global_tooltip_border_radius_mobile&quot;:{&quot;unit&quot;:&quot;px&quot;,&quot;top&quot;:&quot;&quot;,&quot;right&quot;:&quot;&quot;,&quot;bottom&quot;:&quot;&quot;,&quot;left&quot;:&quot;&quot;,&quot;isLinked&quot;:true}}\" data-elementor-post-type=\"page\">\n\t\t\t\t<div class=\"elementor-element elementor-element-48d0551 e-con-full e-flex e-con e-parent\" data-id=\"48d0551\" data-element_type=\"container\" data-e-type=\"container\" data-settings=\"{&quot;background_background&quot;:&quot;classic&quot;}\">\n\t\t\t\t<div class=\"elementor-element elementor-element-0c9d231 elementor-invisible elementor-widget elementor-widget-heading\" data-id=\"0c9d231\" data-element_type=\"widget\" data-e-type=\"widget\" data-settings=\"{&quot;_animation&quot;:&quot;fadeInLeft&quot;,&quot;motion_fx_motion_fx_scrolling&quot;:&quot;yes&quot;,&quot;motion_fx_translateY_effect&quot;:&quot;yes&quot;,&quot;motion_fx_translateY_direction&quot;:&quot;negative&quot;,&quot;motion_fx_translateY_speed&quot;:{&quot;unit&quot;:&quot;px&quot;,&quot;size&quot;:4,&quot;sizes&quot;:[]},&quot;motion_fx_translateY_affectedRange&quot;:{&quot;unit&quot;:&quot;%&quot;,&quot;size&quot;:&quot;&quot;,&quot;sizes&quot;:{&quot;start&quot;:0,&quot;end&quot;:100}},&quot;motion_fx_devices&quot;:[&quot;desktop&quot;,&quot;tablet&quot;,&quot;mobile&quot;]}\" data-widget_type=\"heading.default\">\n\t\t\t\t<div class=\"elementor-widget-container\">\n\t\t\t\t\t<h2 class=\"elementor-heading-title elementor-size-default\">Inteligencia de <br>Mercado<\/h2>\t\t\t\t<\/div>\n\t\t\t\t<\/div>\n\t\t\t\t<\/div>\n\t\t<div class=\"elementor-element elementor-element-469e2c3 e-flex e-con-boxed e-con e-parent\" data-id=\"469e2c3\" data-element_type=\"container\" data-e-type=\"container\">\n\t\t\t\t\t<div class=\"e-con-inner\">\n\t\t\t\t<div class=\"elementor-element elementor-element-3c81134 elementor-widget elementor-widget-spacer\" data-id=\"3c81134\" data-element_type=\"widget\" data-e-type=\"widget\" data-widget_type=\"spacer.default\">\n\t\t\t\t<div class=\"elementor-widget-container\">\n\t\t\t\t\t\t\t<div class=\"elementor-spacer\">\n\t\t\t<div class=\"elementor-spacer-inner\"><\/div>\n\t\t<\/div>\n\t\t\t\t\t\t<\/div>\n\t\t\t\t<\/div>\n\t\t\t\t<div class=\"elementor-element elementor-element-655a252 custom-title elementor-invisible elementor-widget elementor-widget-heading\" data-id=\"655a252\" data-element_type=\"widget\" data-e-type=\"widget\" data-settings=\"{&quot;_animation&quot;:&quot;fadeInLeft&quot;,&quot;_animation_delay&quot;:800}\" data-widget_type=\"heading.default\">\n\t\t\t\t<div class=\"elementor-widget-container\">\n\t\t\t\t\t<h2 class=\"elementor-heading-title elementor-size-default\">CREA<sup>\u00ae<\/sup> Soluciones: Impulsamos el <span class=\"success\">\u00c9xito<\/span> de tus <span class=\"projects\">Proyectos Inmobiliarios<\/span><\/h2>\t\t\t\t<\/div>\n\t\t\t\t<\/div>\n\t\t\t\t<div class=\"elementor-element elementor-element-70f757a elementor-widget elementor-widget-spacer\" data-id=\"70f757a\" data-element_type=\"widget\" data-e-type=\"widget\" data-widget_type=\"spacer.default\">\n\t\t\t\t<div class=\"elementor-widget-container\">\n\t\t\t\t\t\t\t<div class=\"elementor-spacer\">\n\t\t\t<div class=\"elementor-spacer-inner\"><\/div>\n\t\t<\/div>\n\t\t\t\t\t\t<\/div>\n\t\t\t\t<\/div>\n\t\t\t\t<div class=\"elementor-element elementor-element-2cf82fc elementor-widget-divider--view-line elementor-invisible elementor-widget elementor-widget-divider\" data-id=\"2cf82fc\" data-element_type=\"widget\" data-e-type=\"widget\" data-settings=\"{&quot;_animation&quot;:&quot;fadeInUp&quot;,&quot;_animation_delay&quot;:800}\" data-widget_type=\"divider.default\">\n\t\t\t\t<div class=\"elementor-widget-container\">\n\t\t\t\t\t\t\t<div class=\"elementor-divider\">\n\t\t\t<span class=\"elementor-divider-separator\">\n\t\t\t\t\t\t<\/span>\n\t\t<\/div>\n\t\t\t\t\t\t<\/div>\n\t\t\t\t<\/div>\n\t\t\t\t\t<\/div>\n\t\t\t\t<\/div>\n\t\t<div class=\"elementor-element elementor-element-2a5376b e-flex e-con-boxed e-con e-parent\" data-id=\"2a5376b\" data-element_type=\"container\" data-e-type=\"container\">\n\t\t\t\t\t<div class=\"e-con-inner\">\n\t\t<div class=\"elementor-element elementor-element-ca3d989 e-con-full e-flex elementor-invisible e-con e-child\" data-id=\"ca3d989\" data-element_type=\"container\" data-e-type=\"container\" data-settings=\"{&quot;background_background&quot;:&quot;classic&quot;,&quot;animation&quot;:&quot;fadeInLeft&quot;,&quot;animation_delay&quot;:1800}\">\n\t\t\t\t<div class=\"elementor-element elementor-element-28d57af elementor-widget elementor-widget-heading\" data-id=\"28d57af\" data-element_type=\"widget\" data-e-type=\"widget\" data-widget_type=\"heading.default\">\n\t\t\t\t<div class=\"elementor-widget-container\">\n\t\t\t\t\t<h2 class=\"elementor-heading-title elementor-size-default\">Inteligencia de Mercado<\/h2>\t\t\t\t<\/div>\n\t\t\t\t<\/div>\n\t\t\t\t<div class=\"elementor-element elementor-element-192cf1e elementor-widget elementor-widget-text-editor\" data-id=\"192cf1e\" data-element_type=\"widget\" data-e-type=\"widget\" data-widget_type=\"text-editor.default\">\n\t\t\t\t<div class=\"elementor-widget-container\">\n\t\t\t\t\t\t\t\t\t<p>El \u00e9xito de un desarrollo comienza con la comprensi\u00f3n del entorno y la tierra. Nuestro servicio de Inteligencia de Mercado parte de un Estudio de Mercado Inmobiliario del que se desprenden distintas variaciones, respaldadas por nuestra metodolog\u00eda y experiencia<\/p>\t\t\t\t\t\t\t\t<\/div>\n\t\t\t\t<\/div>\n\t\t\t\t<\/div>\n\t\t<div class=\"elementor-element elementor-element-21389b9 e-con-full e-flex elementor-invisible e-con e-child\" data-id=\"21389b9\" data-element_type=\"container\" data-e-type=\"container\" data-settings=\"{&quot;animation&quot;:&quot;fadeInRight&quot;,&quot;animation_delay&quot;:1800}\">\n\t\t\t\t<div class=\"elementor-element elementor-element-a697b9d elementor-widget elementor-widget-html\" data-id=\"a697b9d\" data-element_type=\"widget\" data-e-type=\"widget\" data-widget_type=\"html.default\">\n\t\t\t\t<div class=\"elementor-widget-container\">\n\t\t\t\t\t<div class=\"toggle-container\">\r\n  <div class=\"toggle-item\">\r\n    <button class=\"toggle-title\">Estudio de Mercado Inmobiliario<\/button>\r\n    <div class=\"toggle-content\">\r\n      <p><b>\u00bfC\u00f3mo puedo validar o definir mi proyecto en funci\u00f3n de las condiciones del mercado y la ubicaci\u00f3n de mi predio?<\/b><br>\r\n      Analizamos el entorno, evaluamos la oferta y demanda, y determinamos el producto ideal para maximizar el \u00e9xito comercial.<\/p>\r\n\r\n      <!-- Botones debajo del primer acorde\u00f3n -->\r\n      <div class=\"button-container\">\r\n        <a href=\"https:\/\/creasoluciones.com.mx\/blog\/contacto\/\" class=\"custom-button\">Cont\u00e1ctanos<\/a>\r\n        <a href=\"https:\/\/creasoluciones.com.mx\/blog\/casos-de-exito\/\" class=\"custom-button\">Casos de \u00c9xito<\/a>\r\n      <\/div>\r\n    <\/div>\r\n  <\/div>\r\n\r\n  <div class=\"toggle-item\">\r\n    <button class=\"toggle-title\">An\u00e1lisis de Oferta y Demanda<\/button>\r\n    <div class=\"toggle-content\">\r\n      <p><b>\u00bfC\u00f3mo identifico a mis clientes potenciales, competidores y qu\u00e9 debo vender?<\/b><br>\r\n      Oferta, demanda y \u00e1reas de oportunidad para determinar:<\/p>\r\n      <ul>\r\n        <li>Precio<\/li>\r\n        <li>Tama\u00f1o<\/li>\r\n        <li>Uso del producto<\/li>\r\n        <li>Demanda proyectada<\/li>\r\n        <li>Patrones de consumo<\/li>\r\n        <li>Tama\u00f1o de mercado futuro<\/li>\r\n        <li>Aceptaci\u00f3n del concepto.<\/li>\r\n      <\/ul>\r\n    <\/div>\r\n  <\/div>\r\n\r\n  <div class=\"toggle-item\">\r\n    <button class=\"toggle-title\">Estudio de Mayor y Mejor Uso de la Tierra<\/button>\r\n    <div class=\"toggle-content\">\r\n      <p><b>\u00bfCu\u00e1l es el uso m\u00e1s rentable, adecuado y con mayor potencial para mi terreno?<\/b><br>\r\n      Exploramos todas las alternativas viables para identificar el potencial inmobiliario bas\u00e1ndonos en el predio, mercado y normatividad, as\u00ed definimos la opci\u00f3n que garantice la mayor rentabilidad y sostenibilidad.<\/p>\r\n    <\/div>\r\n  <\/div>\r\n\r\n  <div class=\"toggle-item\">\r\n    <button class=\"toggle-title\">Master-Planned Community (MPC)<\/button>\r\n    <div class=\"toggle-content\">\r\n      <p><b>\u00bfTengo varias hect\u00e1reas de tierra y algunas ideas de proyecto, pero no s\u00e9 si son factibles?<\/b><br>\r\n      En CREA Soluciones transformamos extensas superficies en comunidades planificadas o peque\u00f1as ciudades, evaluando cada idea a fondo para asegurar su viabilidad. Con nuestro servicio de Master Plan, trabajamos en la creaci\u00f3n de desarrollos a gran escala a partir de un an\u00e1lisis integral del mercado y las condiciones espec\u00edficas del terreno.<\/p>\r\n    <\/div>\r\n  <\/div>\r\n\r\n  <div class=\"toggle-item\">\r\n    <button class=\"toggle-title\">Expansi\u00f3n de Marcas de Retail<\/button>\r\n    <div class=\"toggle-content\">\r\n      <p><b>\u00bfC\u00f3mo puedo expandir mi marca de retail y posicionarla en nuevos mercados?<\/b><br>\r\n      En CREA Soluciones transformamos extensas superficies en comunidades planificadas o peque\u00f1as.<\/p>\r\n    <\/div>\r\n  <\/div>\r\n\r\n  <div class=\"toggle-item\">\r\n    <button class=\"toggle-title\">Estudios de Reposicionamiento Inmobiliario<\/button>\r\n    <div class=\"toggle-content\">\r\n      <p><b>\u00bfC\u00f3mo puedo reposicionar un producto inmobiliario que no est\u00e1 obteniendo los resultados esperados?<\/b><br>\r\n      Mi proyecto inmobiliario no se est\u00e1 vendiendo\/rentando, \u00bfqu\u00e9 puedo hacer?<br>\r\n      Replanteamos la estrategia del desarrollo para adaptarlo a las exigencias del mercado y potenciar su competitividad.<\/p>\r\n    <\/div>\r\n  <\/div>\r\n\r\n  <div class=\"toggle-item\">\r\n    <button class=\"toggle-title\">Estudios de Geomarketing<\/button>\r\n    <div class=\"toggle-content\">\r\n      <p><b>\u00bfC\u00f3mo puedo identificar las ubicaciones con mayor potencial para mi proyecto?<\/b><br>\r\n      A trav\u00e9s de an\u00e1lisis geoespaciales, determinamos zonas estrat\u00e9gicas donde la demanda supera la oferta, abriendo nuevas oportunidades.<\/p>\r\n    <\/div>\r\n  <\/div>\r\n<\/div>\r\n\t\t\t\t<\/div>\n\t\t\t\t<\/div>\n\t\t\t\t<\/div>\n\t\t\t\t\t<\/div>\n\t\t\t\t<\/div>\n\t\t<div class=\"elementor-element elementor-element-55c8a4f e-flex e-con-boxed e-con e-parent\" data-id=\"55c8a4f\" data-element_type=\"container\" data-e-type=\"container\">\n\t\t\t\t\t<div class=\"e-con-inner\">\n\t\t\t\t<div class=\"elementor-element elementor-element-c6dc7f9 elementor-invisible elementor-widget elementor-widget-heading\" data-id=\"c6dc7f9\" data-element_type=\"widget\" data-e-type=\"widget\" data-settings=\"{&quot;_animation&quot;:&quot;fadeInLeft&quot;,&quot;_animation_delay&quot;:250}\" data-widget_type=\"heading.default\">\n\t\t\t\t<div class=\"elementor-widget-container\">\n\t\t\t\t\t<h2 class=\"elementor-heading-title elementor-size-default\">Preguntas Frecuentes<\/h2>\t\t\t\t<\/div>\n\t\t\t\t<\/div>\n\t\t\t\t<div class=\"elementor-element elementor-element-dafff9b elementor-widget elementor-widget-spacer\" data-id=\"dafff9b\" data-element_type=\"widget\" data-e-type=\"widget\" data-widget_type=\"spacer.default\">\n\t\t\t\t<div class=\"elementor-widget-container\">\n\t\t\t\t\t\t\t<div class=\"elementor-spacer\">\n\t\t\t<div class=\"elementor-spacer-inner\"><\/div>\n\t\t<\/div>\n\t\t\t\t\t\t<\/div>\n\t\t\t\t<\/div>\n\t\t\t\t\t<\/div>\n\t\t\t\t<\/div>\n\t\t\t\t<\/div>\n\t\t","protected":false},"excerpt":{"rendered":"<p>Inteligencia de Mercado CREA\u00ae Soluciones: Impulsamos el \u00c9xito de tus Proyectos Inmobiliarios Inteligencia de Mercado El \u00e9xito de un desarrollo comienza con la comprensi\u00f3n del entorno y la tierra. Nuestro servicio de Inteligencia de Mercado parte de un Estudio de Mercado Inmobiliario del que se desprenden distintas variaciones, respaldadas por nuestra metodolog\u00eda y experiencia Estudio [&hellip;]<\/p>\n","protected":false},"author":1,"featured_media":0,"parent":0,"menu_order":0,"comment_status":"closed","ping_status":"closed","template":"elementor_header_footer","meta":{"_joinchat":[],"footnotes":""},"class_list":["post-10207","page","type-page","status-publish","hentry"],"yoast_head":"<!-- This site is optimized with the Yoast SEO plugin v27.2 - https:\/\/yoast.com\/product\/yoast-seo-wordpress\/ -->\n<title>Inteligencia de Mercado Inmobiliario | CREA Soluciones<\/title>\n<meta name=\"description\" content=\"Descubre c\u00f3mo nuestros estudios de mercado, an\u00e1lisis de oferta y demanda, y estrategias de reposicionamiento pueden impulsar tus proyectos.\" \/>\n<meta name=\"robots\" content=\"noindex, follow\" \/>\n<meta property=\"og:locale\" content=\"es_MX\" \/>\n<meta property=\"og:type\" content=\"article\" \/>\n<meta property=\"og:title\" content=\"Inteligencia de Mercado Inmobiliario | CREA Soluciones\" \/>\n<meta property=\"og:description\" content=\"Descubre c\u00f3mo nuestros estudios de mercado, an\u00e1lisis de oferta y demanda, y estrategias de reposicionamiento pueden impulsar tus proyectos.\" \/>\n<meta property=\"og:url\" content=\"https:\/\/creasoluciones.com.mx\/blog\/inteligencia-de-mercado\/\" \/>\n<meta property=\"og:site_name\" content=\"Crea Soluciones\" \/>\n<meta property=\"article:modified_time\" content=\"2025-05-14T17:27:31+00:00\" \/>\n<meta name=\"twitter:card\" content=\"summary_large_image\" \/>\n<meta name=\"twitter:label1\" content=\"Tiempo de lectura\" \/>\n\t<meta name=\"twitter:data1\" content=\"4 minutos\" \/>\n<script type=\"application\/ld+json\" class=\"yoast-schema-graph\">{\"@context\":\"https:\/\/schema.org\",\"@graph\":[{\"@type\":\"WebPage\",\"@id\":\"https:\/\/creasoluciones.com.mx\/blog\/inteligencia-de-mercado\/\",\"url\":\"https:\/\/creasoluciones.com.mx\/blog\/inteligencia-de-mercado\/\",\"name\":\"Inteligencia de Mercado Inmobiliario | CREA Soluciones\",\"isPartOf\":{\"@id\":\"https:\/\/creasoluciones.com.mx\/blog\/#website\"},\"datePublished\":\"2025-03-18T20:29:44+00:00\",\"dateModified\":\"2025-05-14T17:27:31+00:00\",\"description\":\"Descubre c\u00f3mo nuestros estudios de mercado, an\u00e1lisis de oferta y demanda, y estrategias de reposicionamiento pueden impulsar tus proyectos.\",\"breadcrumb\":{\"@id\":\"https:\/\/creasoluciones.com.mx\/blog\/inteligencia-de-mercado\/#breadcrumb\"},\"inLanguage\":\"es\",\"potentialAction\":[{\"@type\":\"ReadAction\",\"target\":[\"https:\/\/creasoluciones.com.mx\/blog\/inteligencia-de-mercado\/\"]}]},{\"@type\":\"BreadcrumbList\",\"@id\":\"https:\/\/creasoluciones.com.mx\/blog\/inteligencia-de-mercado\/#breadcrumb\",\"itemListElement\":[{\"@type\":\"ListItem\",\"position\":1,\"name\":\"Inicio\",\"item\":\"https:\/\/creasoluciones.com.mx\/blog\/blog\/\"},{\"@type\":\"ListItem\",\"position\":2,\"name\":\"Inteligencia de mercado\"}]},{\"@type\":\"WebSite\",\"@id\":\"https:\/\/creasoluciones.com.mx\/blog\/#website\",\"url\":\"https:\/\/creasoluciones.com.mx\/blog\/\",\"name\":\"Crea Soluciones\",\"description\":\"\",\"publisher\":{\"@id\":\"https:\/\/creasoluciones.com.mx\/blog\/#organization\"},\"potentialAction\":[{\"@type\":\"SearchAction\",\"target\":{\"@type\":\"EntryPoint\",\"urlTemplate\":\"https:\/\/creasoluciones.com.mx\/blog\/?s={search_term_string}\"},\"query-input\":{\"@type\":\"PropertyValueSpecification\",\"valueRequired\":true,\"valueName\":\"search_term_string\"}}],\"inLanguage\":\"es\"},{\"@type\":\"Organization\",\"@id\":\"https:\/\/creasoluciones.com.mx\/blog\/#organization\",\"name\":\"CREA Soluciones\",\"url\":\"https:\/\/creasoluciones.com.mx\/blog\/\",\"logo\":{\"@type\":\"ImageObject\",\"inLanguage\":\"es\",\"@id\":\"https:\/\/creasoluciones.com.mx\/blog\/#\/schema\/logo\/image\/\",\"url\":\"https:\/\/creasoluciones.com.mx\/blog\/wp-content\/uploads\/2023\/11\/logo-crea-soluciones.png\",\"contentUrl\":\"https:\/\/creasoluciones.com.mx\/blog\/wp-content\/uploads\/2023\/11\/logo-crea-soluciones.png\",\"width\":350,\"height\":219,\"caption\":\"CREA Soluciones\"},\"image\":{\"@id\":\"https:\/\/creasoluciones.com.mx\/blog\/#\/schema\/logo\/image\/\"}}]}<\/script>\n<!-- \/ Yoast SEO plugin. -->","yoast_head_json":{"title":"Inteligencia de Mercado Inmobiliario | CREA Soluciones","description":"Descubre c\u00f3mo nuestros estudios de mercado, an\u00e1lisis de oferta y demanda, y estrategias de reposicionamiento pueden impulsar tus proyectos.","robots":{"index":"noindex","follow":"follow"},"og_locale":"es_MX","og_type":"article","og_title":"Inteligencia de Mercado Inmobiliario | CREA Soluciones","og_description":"Descubre c\u00f3mo nuestros estudios de mercado, an\u00e1lisis de oferta y demanda, y estrategias de reposicionamiento pueden impulsar tus proyectos.","og_url":"https:\/\/creasoluciones.com.mx\/blog\/inteligencia-de-mercado\/","og_site_name":"Crea Soluciones","article_modified_time":"2025-05-14T17:27:31+00:00","twitter_card":"summary_large_image","twitter_misc":{"Tiempo de lectura":"4 minutos"},"schema":{"@context":"https:\/\/schema.org","@graph":[{"@type":"WebPage","@id":"https:\/\/creasoluciones.com.mx\/blog\/inteligencia-de-mercado\/","url":"https:\/\/creasoluciones.com.mx\/blog\/inteligencia-de-mercado\/","name":"Inteligencia de Mercado Inmobiliario | CREA Soluciones","isPartOf":{"@id":"https:\/\/creasoluciones.com.mx\/blog\/#website"},"datePublished":"2025-03-18T20:29:44+00:00","dateModified":"2025-05-14T17:27:31+00:00","description":"Descubre c\u00f3mo nuestros estudios de mercado, an\u00e1lisis de oferta y demanda, y estrategias de reposicionamiento pueden impulsar tus proyectos.","breadcrumb":{"@id":"https:\/\/creasoluciones.com.mx\/blog\/inteligencia-de-mercado\/#breadcrumb"},"inLanguage":"es","potentialAction":[{"@type":"ReadAction","target":["https:\/\/creasoluciones.com.mx\/blog\/inteligencia-de-mercado\/"]}]},{"@type":"BreadcrumbList","@id":"https:\/\/creasoluciones.com.mx\/blog\/inteligencia-de-mercado\/#breadcrumb","itemListElement":[{"@type":"ListItem","position":1,"name":"Inicio","item":"https:\/\/creasoluciones.com.mx\/blog\/blog\/"},{"@type":"ListItem","position":2,"name":"Inteligencia de mercado"}]},{"@type":"WebSite","@id":"https:\/\/creasoluciones.com.mx\/blog\/#website","url":"https:\/\/creasoluciones.com.mx\/blog\/","name":"Crea Soluciones","description":"","publisher":{"@id":"https:\/\/creasoluciones.com.mx\/blog\/#organization"},"potentialAction":[{"@type":"SearchAction","target":{"@type":"EntryPoint","urlTemplate":"https:\/\/creasoluciones.com.mx\/blog\/?s={search_term_string}"},"query-input":{"@type":"PropertyValueSpecification","valueRequired":true,"valueName":"search_term_string"}}],"inLanguage":"es"},{"@type":"Organization","@id":"https:\/\/creasoluciones.com.mx\/blog\/#organization","name":"CREA Soluciones","url":"https:\/\/creasoluciones.com.mx\/blog\/","logo":{"@type":"ImageObject","inLanguage":"es","@id":"https:\/\/creasoluciones.com.mx\/blog\/#\/schema\/logo\/image\/","url":"https:\/\/creasoluciones.com.mx\/blog\/wp-content\/uploads\/2023\/11\/logo-crea-soluciones.png","contentUrl":"https:\/\/creasoluciones.com.mx\/blog\/wp-content\/uploads\/2023\/11\/logo-crea-soluciones.png","width":350,"height":219,"caption":"CREA Soluciones"},"image":{"@id":"https:\/\/creasoluciones.com.mx\/blog\/#\/schema\/logo\/image\/"}}]}},"_links":{"self":[{"href":"https:\/\/creasoluciones.com.mx\/blog\/wp-json\/wp\/v2\/pages\/10207","targetHints":{"allow":["GET"]}}],"collection":[{"href":"https:\/\/creasoluciones.com.mx\/blog\/wp-json\/wp\/v2\/pages"}],"about":[{"href":"https:\/\/creasoluciones.com.mx\/blog\/wp-json\/wp\/v2\/types\/page"}],"author":[{"embeddable":true,"href":"https:\/\/creasoluciones.com.mx\/blog\/wp-json\/wp\/v2\/users\/1"}],"replies":[{"embeddable":true,"href":"https:\/\/creasoluciones.com.mx\/blog\/wp-json\/wp\/v2\/comments?post=10207"}],"version-history":[{"count":72,"href":"https:\/\/creasoluciones.com.mx\/blog\/wp-json\/wp\/v2\/pages\/10207\/revisions"}],"predecessor-version":[{"id":10589,"href":"https:\/\/creasoluciones.com.mx\/blog\/wp-json\/wp\/v2\/pages\/10207\/revisions\/10589"}],"wp:attachment":[{"href":"https:\/\/creasoluciones.com.mx\/blog\/wp-json\/wp\/v2\/media?parent=10207"}],"curies":[{"name":"wp","href":"https:\/\/api.w.org\/{rel}","templated":true}]}}